{"id":9388,"date":"2026-02-02T10:06:13","date_gmt":"2026-02-02T09:06:13","guid":{"rendered":"https:\/\/aimassi.it\/olio-evo-maurino\/"},"modified":"2026-02-02T16:43:45","modified_gmt":"2026-02-02T15:43:45","slug":"olio-evo-maurino","status":"publish","type":"page","link":"https:\/\/aimassi.it\/de\/olio-evo-maurino\/","title":{"rendered":"Maurino EVO Oliven\u00f6l"},"content":{"rendered":"\t\t<div data-elementor-type=\"wp-page\" data-elementor-id=\"9388\" class=\"elementor elementor-9388 elementor-9304\" data-elementor-post-type=\"page\">\n\t\t\t\t\t\t<section class=\"elementor-section elementor-top-section elementor-element elementor-element-5e6e83a elementor-section-full_width elementor-section-height-default elementor-section-height-default\" data-id=\"5e6e83a\" data-element_type=\"section\" data-e-type=\"section\" data-settings=\"{&quot;background_background&quot;:&quot;gradient&quot;}\">\n\t\t\t\t\t\t<div class=\"elementor-container elementor-column-gap-default\">\n\t\t\t\t\t<div class=\"elementor-column elementor-col-100 elementor-top-column elementor-element elementor-element-0b7545a\" data-id=\"0b7545a\" data-element_type=\"column\" data-e-type=\"column\">\n\t\t\t<div class=\"elementor-widget-wrap elementor-element-populated\">\n\t\t\t\t\t\t<div class=\"elementor-element elementor-element-ef6a098 elementor-widget elementor-widget-spacer\" data-id=\"ef6a098\" data-element_type=\"widget\" data-e-type=\"widget\" data-widget_type=\"spacer.default\">\n\t\t\t\t<div class=\"elementor-widget-container\">\n\t\t\t\t\t\t\t<div class=\"elementor-spacer\">\n\t\t\t<div class=\"elementor-spacer-inner\"><\/div>\n\t\t<\/div>\n\t\t\t\t\t\t<\/div>\n\t\t\t\t<\/div>\n\t\t\t\t\t<\/div>\n\t\t<\/div>\n\t\t\t\t\t<\/div>\n\t\t<\/section>\n\t\t\t\t<section class=\"elementor-section elementor-top-section elementor-element elementor-element-4ee33d41 elementor-section-full_width elementor-section-height-default elementor-section-height-default\" data-id=\"4ee33d41\" data-element_type=\"section\" data-e-type=\"section\" data-settings=\"{&quot;background_background&quot;:&quot;classic&quot;}\">\n\t\t\t\t\t\t<div class=\"elementor-container elementor-column-gap-default\">\n\t\t\t\t\t<div class=\"elementor-column elementor-col-100 elementor-top-column elementor-element elementor-element-2b2a09db\" data-id=\"2b2a09db\" data-element_type=\"column\" data-e-type=\"column\">\n\t\t\t<div class=\"elementor-widget-wrap elementor-element-populated\">\n\t\t\t\t\t\t<div class=\"elementor-element elementor-element-689d27a2 elementor-hidden-mobile elementor-widget elementor-widget-heading\" data-id=\"689d27a2\" data-element_type=\"widget\" data-e-type=\"widget\" data-widget_type=\"heading.default\">\n\t\t\t\t<div class=\"elementor-widget-container\">\n\t\t\t\t\t<h1 class=\"elementor-heading-title elementor-size-default\">\"MAURINO\" EVO Oliven\u00f6l<\/h1>\t\t\t\t<\/div>\n\t\t\t\t<\/div>\n\t\t\t\t<div class=\"elementor-element elementor-element-d3c1e5f elementor-hidden-desktop elementor-hidden-tablet elementor-widget elementor-widget-heading\" data-id=\"d3c1e5f\" data-element_type=\"widget\" data-e-type=\"widget\" data-widget_type=\"heading.default\">\n\t\t\t\t<div class=\"elementor-widget-container\">\n\t\t\t\t\t<h1 class=\"elementor-heading-title elementor-size-default\">EVO Oliven\u00f6l<br> \"Ai Massi\"<\/h1>\t\t\t\t<\/div>\n\t\t\t\t<\/div>\n\t\t\t\t<div class=\"elementor-element elementor-element-6f06373 elementor-widget elementor-widget-text-editor\" data-id=\"6f06373\" data-element_type=\"widget\" data-e-type=\"widget\" data-widget_type=\"text-editor.default\">\n\t\t\t\t<div class=\"elementor-widget-container\">\n\t\t\t\t\t\t\t\t\t<p>Fl\u00fcssiges, trockenes \u00d6l mit mittlerer bis intensiver Fruchtigkeit.<\/p>\t\t\t\t\t\t\t\t<\/div>\n\t\t\t\t<\/div>\n\t\t\t\t\t<\/div>\n\t\t<\/div>\n\t\t\t\t\t<\/div>\n\t\t<\/section>\n\t\t\t\t<section class=\"elementor-section elementor-top-section elementor-element elementor-element-bae4a1f elementor-section-full_width elementor-section-height-default elementor-section-height-default\" data-id=\"bae4a1f\" data-element_type=\"section\" data-e-type=\"section\">\n\t\t\t\t\t\t<div class=\"elementor-container elementor-column-gap-default\">\n\t\t\t\t\t<div class=\"elementor-column elementor-col-100 elementor-top-column elementor-element elementor-element-4cf0fd0\" data-id=\"4cf0fd0\" data-element_type=\"column\" data-e-type=\"column\">\n\t\t\t<div class=\"elementor-widget-wrap elementor-element-populated\">\n\t\t\t\t\t\t\t<\/div>\n\t\t<\/div>\n\t\t\t\t\t<\/div>\n\t\t<\/section>\n\t\t\t\t<section class=\"elementor-section elementor-top-section elementor-element elementor-element-5322598d elementor-section-full_width elementor-section-height-default elementor-section-height-default\" data-id=\"5322598d\" data-element_type=\"section\" data-e-type=\"section\">\n\t\t\t\t\t\t<div class=\"elementor-container elementor-column-gap-default\">\n\t\t\t\t\t<div class=\"elementor-column elementor-col-50 elementor-top-column elementor-element elementor-element-62454bed\" data-id=\"62454bed\" data-element_type=\"column\" data-e-type=\"column\">\n\t\t\t<div class=\"elementor-widget-wrap elementor-element-populated\">\n\t\t\t\t\t\t<div class=\"elementor-element elementor-element-403a5853 elementor-widget elementor-widget-image\" data-id=\"403a5853\" data-element_type=\"widget\" data-e-type=\"widget\" data-widget_type=\"image.default\">\n\t\t\t\t<div class=\"elementor-widget-container\">\n\t\t\t\t\t\t\t\t\t\t\t\t\t\t\t\t<a href=\"https:\/\/aimassi.it\/wp-content\/uploads\/2026\/02\/olio-maurino-oli-scaled.png\" data-elementor-open-lightbox=\"yes\" data-elementor-lightbox-title=\"olio-maurino-oli-1000\" data-e-action-hash=\"#elementor-action%3Aaction%3Dlightbox%26settings%3DeyJpZCI6OTI4NSwidXJsIjoiaHR0cHM6XC9cL2FpbWFzc2kuaXRcL3dwLWNvbnRlbnRcL3VwbG9hZHNcLzIwMjZcLzAyXC9vbGlvLW1hdXJpbm8tb2xpLXNjYWxlZC5wbmcifQ%3D%3D\">\n\t\t\t\t\t\t\t<img fetchpriority=\"high\" decoding=\"async\" width=\"1000\" height=\"1000\" src=\"https:\/\/aimassi.it\/wp-content\/uploads\/2026\/02\/olio-maurino-oli-scaled.png\" class=\"attachment-full size-full wp-image-9285\" alt=\"\" \/>\t\t\t\t\t\t\t\t<\/a>\n\t\t\t\t\t\t\t\t\t\t\t\t\t\t\t<\/div>\n\t\t\t\t<\/div>\n\t\t\t\t\t<\/div>\n\t\t<\/div>\n\t\t\t\t<div class=\"elementor-column elementor-col-50 elementor-top-column elementor-element elementor-element-6b8f7214\" data-id=\"6b8f7214\" data-element_type=\"column\" data-e-type=\"column\">\n\t\t\t<div class=\"elementor-widget-wrap elementor-element-populated\">\n\t\t\t\t\t\t<div class=\"elementor-element elementor-element-939f5a6 elementor-widget elementor-widget-text-editor\" data-id=\"939f5a6\" data-element_type=\"widget\" data-e-type=\"widget\" data-widget_type=\"text-editor.default\">\n\t\t\t\t<div class=\"elementor-widget-container\">\n\t\t\t\t\t\t\t\t\t<p><strong>Beschreibung:<\/strong> Fl\u00fcssiges, trockenes \u00d6l mit mittlerer bis intensiver Fruchtigkeit, das stark harzige und balsamische Noten von frischen Waln\u00fcssen, gr\u00fcnen Bananen, Disteln, Artischocken und Zypressen verstr\u00f6mt, gefolgt von bitteren und w\u00fcrzigen Noten mit einer hohen aromatischen Komplexit\u00e4t im Abgang.<\/p><p><strong>Anbaugebiet<\/strong>: TOSKANA<\/p><p><strong>Oliven-Sorten<\/strong>: Maurino<\/p><p><strong>Erntezeit:<\/strong> Ende September, Anfang Oktober<\/p><p><strong>Extraktionsverfahren<\/strong>: Die Oliven werden bis zu 4 Stunden gelagert und noch am selben Tag in unserer eigenen M\u00fchle gepresst. eine zweistufige MORI-TEM-M\u00fchle ohne Verwendung von Wasser, so dass alle Inhaltsstoffe des \u00d6ls erhalten bleiben. <\/p><p><strong>Aussehen:<\/strong> gefiltert klar<\/p><p>Kaltpressung<\/p><p><strong>Lagerung des \u00d6ls:<\/strong> Stahltanks mit Stickstoff<\/p>\t\t\t\t\t\t\t\t<\/div>\n\t\t\t\t<\/div>\n\t\t\t\t<section class=\"elementor-section elementor-inner-section elementor-element elementor-element-5879dfe elementor-section-boxed elementor-section-height-default elementor-section-height-default\" data-id=\"5879dfe\" data-element_type=\"section\" data-e-type=\"section\">\n\t\t\t\t\t\t<div class=\"elementor-container elementor-column-gap-default\">\n\t\t\t\t\t<div class=\"elementor-column elementor-col-50 elementor-inner-column elementor-element elementor-element-986f42f\" data-id=\"986f42f\" data-element_type=\"column\" data-e-type=\"column\">\n\t\t\t<div class=\"elementor-widget-wrap elementor-element-populated\">\n\t\t\t\t\t\t<div class=\"elementor-element elementor-element-5ca6e9d3 elementor-align-center elementor-widget elementor-widget-button\" data-id=\"5ca6e9d3\" data-element_type=\"widget\" data-e-type=\"widget\" data-widget_type=\"button.default\">\n\t\t\t\t<div class=\"elementor-widget-container\">\n\t\t\t\t\t\t\t\t\t<div class=\"elementor-button-wrapper\">\n\t\t\t\t\t<a class=\"elementor-button elementor-button-link elementor-size-lg\" href=\"https:\/\/aimassi.it\/wp-content\/uploads\/2026\/02\/scheda-olio-maurino-deu.pdf\" target=\"_blank\">\n\t\t\t\t\t\t<span class=\"elementor-button-content-wrapper\">\n\t\t\t\t\t\t\t\t\t<span class=\"elementor-button-text\">LADEN SIE DAS TECHNISCHE DATENBLATT ALS PDF HERUNTER<\/span>\n\t\t\t\t\t<\/span>\n\t\t\t\t\t<\/a>\n\t\t\t\t<\/div>\n\t\t\t\t\t\t\t\t<\/div>\n\t\t\t\t<\/div>\n\t\t\t\t\t<\/div>\n\t\t<\/div>\n\t\t\t\t<div class=\"elementor-column elementor-col-50 elementor-inner-column elementor-element elementor-element-0e525a1\" data-id=\"0e525a1\" data-element_type=\"column\" data-e-type=\"column\">\n\t\t\t<div class=\"elementor-widget-wrap elementor-element-populated\">\n\t\t\t\t\t\t<div class=\"elementor-element elementor-element-381cd01 elementor-align-center elementor-widget elementor-widget-button\" data-id=\"381cd01\" data-element_type=\"widget\" data-e-type=\"widget\" data-widget_type=\"button.default\">\n\t\t\t\t<div class=\"elementor-widget-container\">\n\t\t\t\t\t\t\t\t\t<div class=\"elementor-button-wrapper\">\n\t\t\t\t\t<a class=\"elementor-button elementor-button-link elementor-size-sm\" href=\"https:\/\/shop.aimassi.it\/prodotto\/olio-evo-maurino\/\">\n\t\t\t\t\t\t<span class=\"elementor-button-content-wrapper\">\n\t\t\t\t\t\t\t\t\t<span class=\"elementor-button-text\">Jetzt kaufen<\/span>\n\t\t\t\t\t<\/span>\n\t\t\t\t\t<\/a>\n\t\t\t\t<\/div>\n\t\t\t\t\t\t\t\t<\/div>\n\t\t\t\t<\/div>\n\t\t\t\t\t<\/div>\n\t\t<\/div>\n\t\t\t\t\t<\/div>\n\t\t<\/section>\n\t\t\t\t\t<\/div>\n\t\t<\/div>\n\t\t\t\t\t<\/div>\n\t\t<\/section>\n\t\t\t\t<\/div>\n\t\t","protected":false},"excerpt":{"rendered":"<p>&#8222;MAURINO&#8220; EVO Oliven\u00f6l EVO Oliven\u00f6l &#8222;Ai Massi&#8220; Fl\u00fcssiges, trockenes \u00d6l mit mittlerer bis intensiver Fruchtigkeit. Beschreibung: Fl\u00fcssiges, trockenes \u00d6l mit mittlerer bis intensiver Fruchtigkeit, das stark harzige und balsamische Noten von frischen Waln\u00fcssen, gr\u00fcnen Bananen, Disteln, Artischocken und Zypressen verstr\u00f6mt, gefolgt von bitteren und w\u00fcrzigen Noten mit einer hohen aromatischen Komplexit\u00e4t im Abgang. Anbaugebiet: TOSKANA [&hellip;]<\/p>\n","protected":false},"author":2,"featured_media":0,"parent":0,"menu_order":0,"comment_status":"closed","ping_status":"closed","template":"elementor_header_footer","meta":{"footnotes":""},"class_list":["post-9388","page","type-page","status-publish","hentry"],"_links":{"self":[{"href":"https:\/\/aimassi.it\/de\/wp-json\/wp\/v2\/pages\/9388","targetHints":{"allow":["GET"]}}],"collection":[{"href":"https:\/\/aimassi.it\/de\/wp-json\/wp\/v2\/pages"}],"about":[{"href":"https:\/\/aimassi.it\/de\/wp-json\/wp\/v2\/types\/page"}],"author":[{"embeddable":true,"href":"https:\/\/aimassi.it\/de\/wp-json\/wp\/v2\/users\/2"}],"replies":[{"embeddable":true,"href":"https:\/\/aimassi.it\/de\/wp-json\/wp\/v2\/comments?post=9388"}],"version-history":[{"count":3,"href":"https:\/\/aimassi.it\/de\/wp-json\/wp\/v2\/pages\/9388\/revisions"}],"predecessor-version":[{"id":9469,"href":"https:\/\/aimassi.it\/de\/wp-json\/wp\/v2\/pages\/9388\/revisions\/9469"}],"wp:attachment":[{"href":"https:\/\/aimassi.it\/de\/wp-json\/wp\/v2\/media?parent=9388"}],"curies":[{"name":"wp","href":"https:\/\/api.w.org\/{rel}","templated":true}]}}